{"id":45,"date":"2012-11-07T21:05:20","date_gmt":"2012-11-07T20:05:20","guid":{"rendered":"http:\/\/wampflers.ch\/wp_privat\/?page_id=45"},"modified":"2025-09-11T17:29:28","modified_gmt":"2025-09-11T16:29:28","slug":"touren","status":"publish","type":"page","link":"https:\/\/wampflers.ch\/wp_privat\/?page_id=45","title":{"rendered":"Touren"},"content":{"rendered":"<p>Moiryh\u00fctte\u00a0<a href=\"https:\/\/flic.kr\/s\/aHsmn8CgVh\" target=\"_blank\" rel=\"noopener noreferrer\">2018<\/a><\/p>\n<p>Galmihornh\u00fctte\u00a0<a href=\"https:\/\/flic.kr\/s\/aHsmibbeK9\" target=\"_blank\" rel=\"noopener noreferrer\">2018<\/a><\/p>\n<p>Morgetenalp\u00a0<a href=\"https:\/\/flic.kr\/s\/aHsmoKumKG\" target=\"_blank\" rel=\"noopener noreferrer\">2018<\/a><\/p>\n<p>Fr\u00fcndschnur <a href=\"https:\/\/get.google.com\/albumarchive\/102938026795179709513\/album\/AF1QipOT-6zOlfC17WIqula_Ulhi6_wcjuhJi-ix_nzT\" target=\"_blank\" rel=\"noopener noreferrer\">2016<\/a><\/p>\n<p>M\u00f6nch\u00a0<a href=\"https:\/\/get.google.com\/albumarchive\/102938026795179709513\/album\/AF1QipMcO_Z2_X6RbUD8PnQ2jaN392vJjIDZ1RdL4AdY\" target=\"_blank\" rel=\"noopener noreferrer\">2016<\/a><\/p>\n<p>Augstbordpass<\/p>\n<p>Castor <a href=\"https:\/\/get.google.com\/albumarchive\/102938026795179709513\/album\/AF1QipMKi6KHL1lpGumEYnjW-QhJReL6G6k4OxnhYUwR\" target=\"_blank\" rel=\"noopener noreferrer\">2015<\/a><\/p>\n<p>Golitschenpass<\/p>\n<p>Faulhorn<\/p>\n<p>Stockhorn<\/p>\n<p>Seehorn<\/p>\n<p>Fr\u00fcndschnur<\/p>\n<p>Wart<\/p>\n<p>\u00dcschinengrat<\/p>\n<p>Gelmerh\u00fctte<\/p>\n<p>Maighelsh\u00fctte<\/p>\n<p>L\u00f6tschental<\/p>\n<p>Gaulih\u00fctte<\/p>\n<p>Salbith\u00fctte<\/p>\n<p>Mythen<\/p>\n<p>Sidelhorn<\/p>\n<p>Oberaletschh\u00fctte, Wallis<\/p>\n<p>Monte Leone-H\u00fctte<\/p>\n<p>Bordierh\u00fctte, Wallis<\/p>\n<p>Piz Bo\u00e8, Dolomiten<\/p>\n<p>Erzhornsattel, Arosa<\/p>\n<p>Lobhornh\u00fctte<\/p>\n<p>Teufelsschlucht<\/p>\n<p>Morteratschgletscher, Engadin<\/p>\n<p>Anenh\u00fctte, L\u00f6tschental<\/p>\n<p>Rotstockh\u00fctte, Schilthorn, <a href=\"http:\/\/www.wampflers.ch\/gallery\/Schilthorn2010\/index.html\" target=\"_blank\" rel=\"noopener noreferrer\">2010<\/a><\/p>\n<p>Sunnighorn<\/p>\n<p>Rottalh\u00fctte<\/p>\n<p>Glecksteinh\u00fctte<\/p>\n<p>Segantinih\u00fctte<\/p>\n<p>B\u00e4renpfad<\/p>\n<p>Albert-Heim-H\u00fctte<\/p>\n<p>Furtwangsattel<\/p>\n<p>Niesen<\/p>\n<p>Sunnighorn<\/p>\n<p>Obersteinberg<\/p>\n<p>Trifth\u00fctte<\/p>\n<p>Keschh\u00fctte<\/p>\n<p>Lobhorn<\/p>\n","protected":false},"excerpt":{"rendered":"<p>Moiryh\u00fctte\u00a02018 Galmihornh\u00fctte\u00a02018 Morgetenalp\u00a02018 Fr\u00fcndschnur 2016 M\u00f6nch\u00a02016 Augstbordpass Castor 2015 Golitschenpass Faulhorn Stockhorn Seehorn Fr\u00fcndschnur Wart \u00dcschinengrat Gelmerh\u00fctte Maighelsh\u00fctte L\u00f6tschental Gaulih\u00fctte Salbith\u00fctte Mythen Sidelhorn Oberaletschh\u00fctte, Wallis Monte Leone-H\u00fctte Bordierh\u00fctte, Wallis Piz Bo\u00e8, Dolomiten Erzhornsattel, Arosa Lobhornh\u00fctte Teufelsschlucht Morteratschgletscher, Engadin Anenh\u00fctte, L\u00f6tschental Rotstockh\u00fctte, Schilthorn, 2010 Sunnighorn Rottalh\u00fctte Glecksteinh\u00fctte Segantinih\u00fctte B\u00e4renpfad Albert-Heim-H\u00fctte Furtwangsattel Niesen Sunnighorn Obersteinberg Trifth\u00fctte Keschh\u00fctte [&hellip;]<\/p>\n","protected":false},"author":1,"featured_media":0,"parent":25,"menu_order":1,"comment_status":"closed","ping_status":"open","template":"","meta":{"footnotes":"","_links_to":"","_links_to_target":""},"class_list":["post-45","page","type-page","status-publish","hentry"],"_links":{"self":[{"href":"https:\/\/wampflers.ch\/wp_privat\/index.php?rest_route=\/wp\/v2\/pages\/45","targetHints":{"allow":["GET"]}}],"collection":[{"href":"https:\/\/wampflers.ch\/wp_privat\/index.php?rest_route=\/wp\/v2\/pages"}],"about":[{"href":"https:\/\/wampflers.ch\/wp_privat\/index.php?rest_route=\/wp\/v2\/types\/page"}],"author":[{"embeddable":true,"href":"https:\/\/wampflers.ch\/wp_privat\/index.php?rest_route=\/wp\/v2\/users\/1"}],"replies":[{"embeddable":true,"href":"https:\/\/wampflers.ch\/wp_privat\/index.php?rest_route=%2Fwp%2Fv2%2Fcomments&post=45"}],"version-history":[{"count":48,"href":"https:\/\/wampflers.ch\/wp_privat\/index.php?rest_route=\/wp\/v2\/pages\/45\/revisions"}],"predecessor-version":[{"id":1434,"href":"https:\/\/wampflers.ch\/wp_privat\/index.php?rest_route=\/wp\/v2\/pages\/45\/revisions\/1434"}],"up":[{"embeddable":true,"href":"https:\/\/wampflers.ch\/wp_privat\/index.php?rest_route=\/wp\/v2\/pages\/25"}],"wp:attachment":[{"href":"https:\/\/wampflers.ch\/wp_privat\/index.php?rest_route=%2Fwp%2Fv2%2Fmedia&parent=45"}],"curies":[{"name":"wp","href":"https:\/\/api.w.org\/{rel}","templated":true}]}}