{"id":7441,"date":"2026-04-03T10:46:43","date_gmt":"2026-04-03T08:46:43","guid":{"rendered":"https:\/\/wampflers.ch\/wp\/?page_id=7441"},"modified":"2026-04-03T10:48:05","modified_gmt":"2026-04-03T08:48:05","slug":"laufen-im-alter","status":"publish","type":"page","link":"https:\/\/wampflers.ch\/wp\/?page_id=7441","title":{"rendered":"Laufen im Alter"},"content":{"rendered":"<h5>WARUM JOGGEN ALLEIN NICHT VOR DEM ALTERN SCH\u00dcTZT<\/h5>\n<h5>ISABEL KILIAN 23. MARCH 2026<\/h5>\n<h5>Ein routinierter Lauf durch den Park, gleichm\u00e4ssiger Atem, vertraute Strecke: F\u00fcr viele Menschen ist Joggen der Inbegriff gesunder Bewegung. Doch so wertvoll diese Routine ist: Nicht allein die regelm\u00e4ssige Bewegung entscheidet \u00fcber die langfristige Leistungsf\u00e4higkeit und Lifetime-Gesundheit, sondern auch die Herausforderung. Und die beginnt dort, wo es unangenehm wird.<\/h5>\n<h5>Das Herz ist ein Muskel \u2013 und wie jeder Muskel passt er sich an die Anforderungen an, die an ihn gestellt werden. Bleiben sehr intensive Belastungen dauerhaft aus, sinkt vor allem die maximale Leistungsreserve: die F\u00e4higkeit, unter hoher Beanspruchung gen\u00fcgend Blut und Sauerstoff bereitzustellen. Diese Reserve entscheidet dar\u00fcber, wie stabil der Organismus auf Stress reagieren kann.<\/h5>\n<h5>DAS HERZ BRAUCHT \u00abKONTROLLIERTE PANIK\u00bb<\/h5>\n<h5>Eine der bislang gr\u00f6ssten Kohortenstudien untersuchte mehr als 122000 Erwachsene, deren kardiorespiratorische Fitness mittels Laufbandtest gemessen und \u00fcber 14 Jahre nachverfolgt wurde. Das Ergebnis war eindeutig: Je h\u00f6her die maximale Leistungsf\u00e4higkeit von Herz, Lunge und Kreislauf, desto geringer war das Risiko, vorzeitig zu sterben.<\/h5>\n<h5>Personen mit hoher oder sehr hoher Fitness haben demnach deutlich bessere \u00dcberlebenschancen als jene mit niedriger Belastbarkeit \u2013 unabh\u00e4ngig von Alter oder bestehenden Risikofaktoren. Entscheidend ist also nicht allein die regelm\u00e4ssige Bewegung, sondern die erreichte funktionelle Leistungsreserve. Die kardiorespiratorische Fitness steigt besonders dann, wenn das Herz zeitweise nahe an seiner Grenze arbeitet.<\/h5>\n<h5>WENN DER PULS ALARM SCHL\u00c4GT \u2013 UND WARUM DAS GUT IST<\/h5>\n<h5>Doch h\u00e4ufig bleibt die Intensit\u00e4t unterhalb jener Schwelle, die n\u00f6tig ist, um die maximale Leistungsf\u00e4higkeit gezielt weiter zu steigern oder langfristig zu erhalten. Erst intensive Belastung aktiviert Reserven: Das Herz schl\u00e4gt kr\u00e4ftiger, pumpt mehr Blut pro Schlag und verbessert langfristig seine Effizienz. Gleichzeitig reagieren die Mitochondrien mit erh\u00f6hter Leistungsf\u00e4higkeit und die Gef\u00e4sse bleiben elastischer. Diese Anpassungen sind essenziell, um altersbedingten Funktionsverlust zu verlangsamen.<\/h5>\n<h5>Der Schl\u00fcssel f\u00fcr optimale Langlebigkeit liegt also nicht (nur) im gem\u00fctlichen Dauerlauf, sondern in der maximalen Leistungsf\u00e4higkeit des Systems. Aus evolutionsbiologischer Sicht ergibt das Sinn. Der Organismus investiert vor allem in F\u00e4higkeiten, die er regelm\u00e4ssig ben\u00f6tigt. Wird hohe Leistung nie abgerufen, besteht kein Anlass, sie zu erhalten.<\/h5>\n<h5>INTENSIT\u00c4T ALS SCHL\u00dcSSEL<\/h5>\n<h5>Wie stark das Herz gefordert werden muss, ist Gegenstand intensiver Forschung. Klar ist: Sowohl moderate als auch intensive Aktivit\u00e4t tragen zur Gesundheit bei. Die Weltgesundheitsorganisation empfiehlt mindestens 150 bis 300 Minuten moderate oder 75 bis 150 Minuten intensive Bewegung pro Woche.<\/h5>\n<h5>Diese Empfehlungen definieren jedoch vor allem eine Mindestmenge f\u00fcr grundlegende Gesundheit \u2013 nicht unbedingt die optimale Strategie f\u00fcr maximalen Funktionserhalt. Die grosse Kohortenstudie zeigt, dass vor allem eine hohe kardiorespiratorische Leistungsf\u00e4higkeit mit dem geringsten Sterberisiko verbunden ist. F\u00fcr die Praxis bedeutet das: Die empfohlene Bewegungsmenge bildet eine wichtige Grundlage. Aber schon wenige Phasen hoher Intensit\u00e4t pro Woche k\u00f6nnen reichen, um die funktionelle Reserve zu erhalten.<\/h5>\n<h5>DER ROTE BEREICH SCHMERZT<\/h5>\n<h5>Trotz ihrer Wirksamkeit meiden viele Menschen intensive Anstrengung. Der Grund liegt im Nervensystem: Hohe Belastung aktiviert dieselben Stressmechanismen wie eine Bedrohung \u2013 Herzfrequenz und Atmung steigen abrupt, die Kontrolle scheint kurzfristig zu entgleiten, es tut weh. Intensivere Anstrengungen werden als unangenehm empfunden und solche Erfahrungen werden emotional gespeichert. Erwartet das Gehirn \u00dcberforderung, erscheint Vermeidung als kurzfristig entlastende Strategie.<\/h5>\n<h5>Doch dieses System ist lernf\u00e4hig. Entscheidend ist dosierte Exposition: kurze, kontrollierbare Intervalle mit ausreichender Erholung vermitteln dem Nervensystem, dass intensive Belastung sicher ist. Ebenso pr\u00e4gt die Bewertung die Reaktion selbst. Ein rasender Puls kann als Zeichen von Leistungsf\u00e4higkeit verstanden werden statt als Warnsignal. Wer Belastung wiederholt kontrolliert bew\u00e4ltigt, ver\u00e4ndert schrittweise die Erwartung des Gehirns. Nicht jeder Lauf muss hart sein. Aber gelegentliche, dosierte Spitzen senden das wichtige Wartungssignal: Dieses System wird gebraucht! Und genau das hilft, es bis ins hohe Alter belastbar zu halten.<\/h5>\n","protected":false},"excerpt":{"rendered":"<p>WARUM JOGGEN ALLEIN NICHT VOR DEM ALTERN SCH\u00dcTZT ISABEL KILIAN 23. MARCH 2026 Ein routinierter Lauf durch den Park, gleichm\u00e4ssiger Atem, vertraute Strecke: F\u00fcr viele Menschen ist Joggen der Inbegriff gesunder Bewegung. Doch so wertvoll diese Routine ist: Nicht allein &hellip; <a href=\"https:\/\/wampflers.ch\/wp\/?page_id=7441\">Weiterlesen <span class=\"meta-nav\">&rarr;<\/span><\/a><\/p>\n","protected":false},"author":1,"featured_media":0,"parent":79,"menu_order":6,"comment_status":"closed","ping_status":"closed","template":"","meta":{"footnotes":"","_links_to":"","_links_to_target":""},"class_list":["post-7441","page","type-page","status-publish","hentry"],"_links":{"self":[{"href":"https:\/\/wampflers.ch\/wp\/index.php?rest_route=\/wp\/v2\/pages\/7441","targetHints":{"allow":["GET"]}}],"collection":[{"href":"https:\/\/wampflers.ch\/wp\/index.php?rest_route=\/wp\/v2\/pages"}],"about":[{"href":"https:\/\/wampflers.ch\/wp\/index.php?rest_route=\/wp\/v2\/types\/page"}],"author":[{"embeddable":true,"href":"https:\/\/wampflers.ch\/wp\/index.php?rest_route=\/wp\/v2\/users\/1"}],"replies":[{"embeddable":true,"href":"https:\/\/wampflers.ch\/wp\/index.php?rest_route=%2Fwp%2Fv2%2Fcomments&post=7441"}],"version-history":[{"count":1,"href":"https:\/\/wampflers.ch\/wp\/index.php?rest_route=\/wp\/v2\/pages\/7441\/revisions"}],"predecessor-version":[{"id":7442,"href":"https:\/\/wampflers.ch\/wp\/index.php?rest_route=\/wp\/v2\/pages\/7441\/revisions\/7442"}],"up":[{"embeddable":true,"href":"https:\/\/wampflers.ch\/wp\/index.php?rest_route=\/wp\/v2\/pages\/79"}],"wp:attachment":[{"href":"https:\/\/wampflers.ch\/wp\/index.php?rest_route=%2Fwp%2Fv2%2Fmedia&parent=7441"}],"curies":[{"name":"wp","href":"https:\/\/api.w.org\/{rel}","templated":true}]}}